{"id":7,"date":"2015-01-20T17:48:44","date_gmt":"2015-01-20T16:48:44","guid":{"rendered":"http:\/\/blog.rudolf-lange.de\/?page_id=7"},"modified":"2015-02-16T12:19:59","modified_gmt":"2015-02-16T11:19:59","slug":"impressum","status":"publish","type":"page","link":"http:\/\/blog.rudolf-lange.de\/?page_id=7","title":{"rendered":"Impressum"},"content":{"rendered":"<p><span style=\"color: #993300;\"><strong>R u d o l f . L a n g e<\/strong><\/span><br \/>\nTriftbachstra\u00dfe 2<br \/>\nD-83043 Bad Aibling<\/p>\n<p>Fon: +49 (0) 8061 \/ 939 90 12<br \/>\neMail: rudolf.lange@dvnetz.de<br \/>\nInternet: <a href=\"http:\/\/www.rudolf-lange.de\" target=\"_blank\">www.rudolf-lange.de<\/a><\/p>\n<p>&nbsp;<\/p>\n<p><span style=\"color: #993300;\"><strong>Haftungsausschluss<\/strong><\/span><\/p>\n<p>Urheberrecht:<br \/>\nDie im hier im Blog ver\u00f6ffentlichten Bilder unterliegen dem deutschen Urheberrecht. Die Vervielf\u00e4ltigung, Bearbeitung, Verbreitung und jede Art der Verwertung bed\u00fcrfen der schriftlichen Zustimmung des Urhebers.<\/p>\n<p>Haftung f\u00fcr Inhalte:<br \/>\nBei Bekanntwerden von Rechtsverletzungen in geposteten Inhalten werde ich diese umgehend entfernen.<\/p>\n<p>Haftung f\u00fcr Links:<br \/>\nF\u00fcr Links in Kommentaren zu externen Webseiten Dritter, auf deren Inhalt ich keinen Einfluss habe, kann ich eine Haftung nicht \u00fcbernehmen. Bei Bekanntwerden von Rechtsverletzungen werde ich derartige Links umgehend entfernen.<\/p>\n<p>&nbsp;<\/p>\n","protected":false},"excerpt":{"rendered":"<p>R u d o l f . L a n g e Triftbachstra\u00dfe 2 D-83043 Bad Aibling Fon: +49 (0) 8061 \/ 939 90 12 eMail: rudolf.lange@dvnetz.de Internet: www.rudolf-lange.de &nbsp; Haftungsausschluss Urheberrecht: Die im hier im Blog ver\u00f6ffentlichten Bilder unterliegen dem deutschen Urheberrecht. Die Vervielf\u00e4ltigung, Bearbeitung, Verbreitung und jede Art der Verwertung bed\u00fcrfen der schriftlichen &hellip; <a href=\"http:\/\/blog.rudolf-lange.de\/?page_id=7\" class=\"more-link\"><span class=\"screen-reader-text\">Impressum<\/span> weiterlesen <span class=\"meta-nav\">&rarr;<\/span><\/a><\/p>\n","protected":false},"author":1,"featured_media":269,"parent":2,"menu_order":0,"comment_status":"open","ping_status":"open","template":"","meta":[],"_links":{"self":[{"href":"http:\/\/blog.rudolf-lange.de\/index.php?rest_route=\/wp\/v2\/pages\/7"}],"collection":[{"href":"http:\/\/blog.rudolf-lange.de\/index.php?rest_route=\/wp\/v2\/pages"}],"about":[{"href":"http:\/\/blog.rudolf-lange.de\/index.php?rest_route=\/wp\/v2\/types\/page"}],"author":[{"embeddable":true,"href":"http:\/\/blog.rudolf-lange.de\/index.php?rest_route=\/wp\/v2\/users\/1"}],"replies":[{"embeddable":true,"href":"http:\/\/blog.rudolf-lange.de\/index.php?rest_route=%2Fwp%2Fv2%2Fcomments&post=7"}],"version-history":[{"count":15,"href":"http:\/\/blog.rudolf-lange.de\/index.php?rest_route=\/wp\/v2\/pages\/7\/revisions"}],"predecessor-version":[{"id":22,"href":"http:\/\/blog.rudolf-lange.de\/index.php?rest_route=\/wp\/v2\/pages\/7\/revisions\/22"}],"up":[{"embeddable":true,"href":"http:\/\/blog.rudolf-lange.de\/index.php?rest_route=\/wp\/v2\/pages\/2"}],"wp:featuredmedia":[{"embeddable":true,"href":"http:\/\/blog.rudolf-lange.de\/index.php?rest_route=\/wp\/v2\/media\/269"}],"wp:attachment":[{"href":"http:\/\/blog.rudolf-lange.de\/index.php?rest_route=%2Fwp%2Fv2%2Fmedia&parent=7"}],"curies":[{"name":"wp","href":"https:\/\/api.w.org\/{rel}","templated":true}]}}