{"id":2,"date":"2014-11-21T04:51:49","date_gmt":"2014-11-21T04:51:49","guid":{"rendered":"http:\/\/localhost\/wordpress-4.0.1\/wordpress\/?page_id=2"},"modified":"2017-04-19T22:37:56","modified_gmt":"2017-04-19T20:37:56","slug":"sample-page","status":"publish","type":"page","link":"http:\/\/blog.rudolf-lange.de\/","title":{"rendered":"Here I am"},"content":{"rendered":"<p>.. bin von Beruf Musiker, betreibe als weiteres &#8222;Standbein&#8220; eine Versicherungsagentur und interessiere mich f\u00fcr Gott und die Welt.<\/p>\n<p>.. w\u00fcnsche mir immer die Gelassenheit, Dinge nicht zu \u00e4ndern die ich nicht \u00e4ndern kann.<\/p>\n<p>Meine Fotos hier im Blog sind ein Ausdruck wie ich die Welt sehe. Die kleinen unscheinbaren oder fast unsichtbaren Dinge; das Gro\u00dfe \u00dcberragende, was oft schnell verg\u00e4nglich und von kurzer Sch\u00f6nheit ist.<\/p>\n<p>Ich bewundere meine Frau als erfolgreiche People-Fotografin deren Homepage immer einen Besuch wert ist: <a href=\"http:\/\/www.atelier-lange.com\" target=\"_blank\">www.atelier-lange.com<\/a><\/p>\n<p>Als Hobbykoch bermerke ich immer h\u00e4ufiger wie suboptimal die von der Gastronomie kredenzten Speisen und Getr\u00e4nke geworden sind.<\/p>\n","protected":false},"excerpt":{"rendered":"<p>.. bin von Beruf Musiker, betreibe als weiteres &#8222;Standbein&#8220; eine Versicherungsagentur und interessiere mich f\u00fcr Gott und die Welt. .. w\u00fcnsche mir immer die Gelassenheit, Dinge nicht zu \u00e4ndern die ich nicht \u00e4ndern kann. Meine Fotos hier im Blog sind ein Ausdruck wie ich die Welt sehe. Die kleinen unscheinbaren oder fast unsichtbaren Dinge; das &hellip; <a href=\"http:\/\/blog.rudolf-lange.de\/\" class=\"more-link\"><span class=\"screen-reader-text\">Here I am<\/span> weiterlesen <span class=\"meta-nav\">&rarr;<\/span><\/a><\/p>\n","protected":false},"author":1,"featured_media":10,"parent":0,"menu_order":0,"comment_status":"open","ping_status":"open","template":"","meta":[],"_links":{"self":[{"href":"http:\/\/blog.rudolf-lange.de\/index.php?rest_route=\/wp\/v2\/pages\/2"}],"collection":[{"href":"http:\/\/blog.rudolf-lange.de\/index.php?rest_route=\/wp\/v2\/pages"}],"about":[{"href":"http:\/\/blog.rudolf-lange.de\/index.php?rest_route=\/wp\/v2\/types\/page"}],"author":[{"embeddable":true,"href":"http:\/\/blog.rudolf-lange.de\/index.php?rest_route=\/wp\/v2\/users\/1"}],"replies":[{"embeddable":true,"href":"http:\/\/blog.rudolf-lange.de\/index.php?rest_route=%2Fwp%2Fv2%2Fcomments&post=2"}],"version-history":[{"count":13,"href":"http:\/\/blog.rudolf-lange.de\/index.php?rest_route=\/wp\/v2\/pages\/2\/revisions"}],"predecessor-version":[{"id":339,"href":"http:\/\/blog.rudolf-lange.de\/index.php?rest_route=\/wp\/v2\/pages\/2\/revisions\/339"}],"wp:featuredmedia":[{"embeddable":true,"href":"http:\/\/blog.rudolf-lange.de\/index.php?rest_route=\/wp\/v2\/media\/10"}],"wp:attachment":[{"href":"http:\/\/blog.rudolf-lange.de\/index.php?rest_route=%2Fwp%2Fv2%2Fmedia&parent=2"}],"curies":[{"name":"wp","href":"https:\/\/api.w.org\/{rel}","templated":true}]}}